{"id":19,"date":"2024-03-14T18:36:28","date_gmt":"2024-03-14T18:36:28","guid":{"rendered":"https:\/\/vkkrka.hr\/?page_id=19"},"modified":"2024-03-14T18:58:20","modified_gmt":"2024-03-14T18:58:20","slug":"naslovna","status":"publish","type":"page","link":"https:\/\/vkkrka.hr\/?page_id=19","title":{"rendered":"Naslovna"},"content":{"rendered":"<p>[et_pb_section fb_built=&#8221;1&#8243; _builder_version=&#8221;4.24.0&#8243; _module_preset=&#8221;default&#8221; background_image=&#8221;https:\/\/vkkrka.hr\/wp-content\/uploads\/2024\/03\/bgg.jpg&#8221; global_colors_info=&#8221;{}&#8221;][et_pb_row _builder_version=&#8221;4.24.0&#8243; _module_preset=&#8221;default&#8221; global_colors_info=&#8221;{}&#8221;][et_pb_column type=&#8221;4_4&#8243; _builder_version=&#8221;4.24.0&#8243; _module_preset=&#8221;default&#8221; global_colors_info=&#8221;{}&#8221;][\/et_pb_column][\/et_pb_row][\/et_pb_section][et_pb_section fb_built=&#8221;1&#8243; _builder_version=&#8221;4.24.0&#8243; _module_preset=&#8221;default&#8221; global_colors_info=&#8221;{}&#8221; custom_padding=&#8221;10px|||||&#8221;][et_pb_row _builder_version=&#8221;4.24.0&#8243; _module_preset=&#8221;default&#8221; global_colors_info=&#8221;{}&#8221; column_structure=&#8221;3_5,2_5&#8243;][et_pb_column type=&#8221;3_5&#8243; _builder_version=&#8221;4.24.0&#8243; _module_preset=&#8221;default&#8221; global_colors_info=&#8221;{}&#8221;][et_pb_text _builder_version=&#8221;4.24.0&#8243; _module_preset=&#8221;default&#8221; hover_enabled=&#8221;0&#8243; global_colors_info=&#8221;{}&#8221; text_font_size=&#8221;16px&#8221; text_line_height=&#8221;1.8em&#8221; sticky_enabled=&#8221;0&#8243;]<\/p>\n<p><span>Po\u0161tovani posjetitelji drago nam je \u0161to ste u mno\u0161tvu internetskih stranica odlu\u010dili da posjetite i na\u0161e i tako se upoznate sa radom vesla\u010dkog kluba \u00abKrka\u00bb.<\/span><br \/><span>V.K. \u00abKrka\u00bb je klub s dugogodi\u0161njom povije\u0161\u0107u (na slici: kr\u0161tenje nove dvojke 1924. godine). <\/span><\/p>\n<p><span>Osnovan je davne <strong>1923. godine<\/strong> i od tada do danas podi\u017ee i odgaja nara\u0161taje sporta\u0161a koji su svojim sudjelovanjem u njegovom postojanju i radu doprinijeli da se ime \u00abKrka\u00bb prepoznaje kao izvori\u0161te ljudske i sportske kvalitete. Klub danas okuplja mno\u0161tvo mladih vesla\u010dica i vesla\u010da koji pod budnim okom triju trenera i Uprave svakodnevno stvaraju vesla\u010dku sada\u0161njost i budu\u0107nost.<\/span><\/p>\n<p>[\/et_pb_text][\/et_pb_column][et_pb_column type=&#8221;2_5&#8243; _builder_version=&#8221;4.24.0&#8243; _module_preset=&#8221;default&#8221; global_colors_info=&#8221;{}&#8221;][et_pb_image src=&#8221;https:\/\/vkkrka.hr\/wp-content\/uploads\/2024\/03\/indexna.jpg&#8221; _builder_version=&#8221;4.24.0&#8243; _module_preset=&#8221;default&#8221; title_text=&#8221;indexna&#8221; border_radii=&#8221;on|28px|28px|28px|28px&#8221; box_shadow_style=&#8221;preset2&#8243; box_shadow_vertical=&#8221;3px&#8221; box_shadow_blur=&#8221;10px&#8221; box_shadow_color=&#8221;rgba(0,0,0,0.57)&#8221; hover_enabled=&#8221;0&#8243; sticky_enabled=&#8221;0&#8243;][\/et_pb_image][\/et_pb_column][\/et_pb_row][et_pb_row _builder_version=&#8221;4.24.0&#8243; _module_preset=&#8221;default&#8221; column_structure=&#8221;2_3,1_3&#8243;][et_pb_column _builder_version=&#8221;4.24.0&#8243; _module_preset=&#8221;default&#8221; type=&#8221;2_3&#8243;][et_pb_blog _builder_version=&#8221;4.24.0&#8243; _module_preset=&#8221;default&#8221; show_author=&#8221;off&#8221; hover_enabled=&#8221;0&#8243; sticky_enabled=&#8221;0&#8243;][\/et_pb_blog][\/et_pb_column][et_pb_column _builder_version=&#8221;4.24.0&#8243; _module_preset=&#8221;default&#8221; type=&#8221;1_3&#8243;][et_pb_text _builder_version=&#8221;4.24.0&#8243; _module_preset=&#8221;default&#8221; header_font=&#8221;Amita||||on|||#0C71C3|&#8221; text_font_size=&#8221;17px&#8221; hover_enabled=&#8221;0&#8243; sticky_enabled=&#8221;0&#8243;]<\/p>\n<h1>Himna VK &#8220;Krka&#8221;<\/h1>\n<blockquote>\n<p>Mladost, snaga,<br \/>\u010dvrsto veslo,<br \/>Krka\u0161ima daje mo\u0107,<br \/>Da ispune svoje geslo<br \/>Na cilj uvijek prvi do\u0107.<\/p>\n<p>&nbsp;<\/p>\n<p>Pjeni more, veslo hara,<br \/>Gordog vala nasta lom.<br \/>To krka\u0161i puni \u017eara<br \/>Jure cilju kao grom.<\/p>\n<\/blockquote>\n<p>[\/et_pb_text][\/et_pb_column][\/et_pb_row][\/et_pb_section][et_pb_section fb_built=&#8221;1&#8243; theme_builder_area=&#8221;post_content&#8221; _builder_version=&#8221;4.24.0&#8243; _module_preset=&#8221;default&#8221; custom_padding=&#8221;3px||6px|||&#8221; hover_enabled=&#8221;0&#8243; sticky_enabled=&#8221;0&#8243; border_width_top=&#8221;1px&#8221;][et_pb_row _builder_version=&#8221;4.24.0&#8243; _module_preset=&#8221;default&#8221; theme_builder_area=&#8221;post_content&#8221;][et_pb_column _builder_version=&#8221;4.24.0&#8243; _module_preset=&#8221;default&#8221; type=&#8221;4_4&#8243; theme_builder_area=&#8221;post_content&#8221;][et_pb_text _builder_version=&#8221;4.24.0&#8243; _module_preset=&#8221;default&#8221; theme_builder_area=&#8221;post_content&#8221; hover_enabled=&#8221;0&#8243; sticky_enabled=&#8221;0&#8243; text_orientation=&#8221;center&#8221;]<\/p>\n<p><img loading=\"lazy\" decoding=\"async\" src=\"https:\/\/vkkrka.hr\/wp-content\/uploads\/2024\/03\/dalmare.jpg\" width=\"190\" height=\"69\" alt=\"\" class=\"wp-image-41 alignnone size-full\" \/>\u00a0 \u00a0 \u00a0 \u00a0 \u00a0 <img loading=\"lazy\" decoding=\"async\" src=\"https:\/\/vkkrka.hr\/wp-content\/uploads\/2024\/03\/vkkrka.jpg\" width=\"190\" height=\"84\" alt=\"\" class=\"wp-image-42 alignnone size-medium\" \/><\/p>\n<p>[\/et_pb_text][\/et_pb_column][\/et_pb_row][\/et_pb_section]<\/p>\n","protected":false},"excerpt":{"rendered":"<p>Po\u0161tovani posjetitelji drago nam je \u0161to ste u mno\u0161tvu internetskih stranica odlu\u010dili da posjetite i na\u0161e i tako se upoznate sa radom vesla\u010dkog kluba \u00abKrka\u00bb.V.K. \u00abKrka\u00bb je klub s dugogodi\u0161njom povije\u0161\u0107u (na slici: kr\u0161tenje nove dvojke 1924. godine). Osnovan je davne 1923. godine i od tada do danas podi\u017ee i odgaja nara\u0161taje sporta\u0161a koji su [&hellip;]<\/p>\n","protected":false},"author":1,"featured_media":0,"parent":0,"menu_order":0,"comment_status":"closed","ping_status":"closed","template":"","meta":{"_et_pb_use_builder":"on","_et_pb_old_content":"","_et_gb_content_width":"","footnotes":""},"class_list":["post-19","page","type-page","status-publish","hentry"],"_links":{"self":[{"href":"https:\/\/vkkrka.hr\/index.php?rest_route=\/wp\/v2\/pages\/19","targetHints":{"allow":["GET"]}}],"collection":[{"href":"https:\/\/vkkrka.hr\/index.php?rest_route=\/wp\/v2\/pages"}],"about":[{"href":"https:\/\/vkkrka.hr\/index.php?rest_route=\/wp\/v2\/types\/page"}],"author":[{"embeddable":true,"href":"https:\/\/vkkrka.hr\/index.php?rest_route=\/wp\/v2\/users\/1"}],"replies":[{"embeddable":true,"href":"https:\/\/vkkrka.hr\/index.php?rest_route=%2Fwp%2Fv2%2Fcomments&post=19"}],"version-history":[{"count":5,"href":"https:\/\/vkkrka.hr\/index.php?rest_route=\/wp\/v2\/pages\/19\/revisions"}],"predecessor-version":[{"id":45,"href":"https:\/\/vkkrka.hr\/index.php?rest_route=\/wp\/v2\/pages\/19\/revisions\/45"}],"wp:attachment":[{"href":"https:\/\/vkkrka.hr\/index.php?rest_route=%2Fwp%2Fv2%2Fmedia&parent=19"}],"curies":[{"name":"wp","href":"https:\/\/api.w.org\/{rel}","templated":true}]}}